{"id":118,"date":"2025-05-07T20:03:44","date_gmt":"2025-05-07T23:03:44","guid":{"rendered":"https:\/\/imagineacrilico.com.br\/?page_id=118"},"modified":"2025-05-08T11:02:14","modified_gmt":"2025-05-08T14:02:14","slug":"carrinho","status":"publish","type":"page","link":"https:\/\/imagineacrilico.com.br\/?page_id=118","title":{"rendered":"Carrinho"},"content":{"rendered":"\n<div data-block-name=\"woocommerce\/cart\" class=\"wp-block-woocommerce-cart alignwide is-loading\">\n<div data-block-name=\"woocommerce\/filled-cart-block\" class=\"wp-block-woocommerce-filled-cart-block\">\n<div data-block-name=\"woocommerce\/cart-items-block\" class=\"wp-block-woocommerce-cart-items-block\">\n<div data-block-name=\"woocommerce\/cart-line-items-block\" class=\"wp-block-woocommerce-cart-line-items-block\"><\/div>\n\n\n\n<div data-block-name=\"woocommerce\/cart-cross-sells-block\" class=\"wp-block-woocommerce-cart-cross-sells-block\">\n<h2 class=\"wp-block-heading has-large-font-size\">You may be interested in\u2026<\/h2>\n\n\n\n<div data-block-name=\"woocommerce\/cart-cross-sells-products-block\" class=\"wp-block-woocommerce-cart-cross-sells-products-block\"><\/div>\n<\/div>\n<\/div>\n\n\n\n<div data-block-name=\"woocommerce\/cart-totals-block\" class=\"wp-block-woocommerce-cart-totals-block\">\n<div data-block-name=\"woocommerce\/cart-order-summary-block\" class=\"wp-block-woocommerce-cart-order-summary-block\">\n<div data-block-name=\"woocommerce\/cart-order-summary-heading-block\" class=\"wp-block-woocommerce-cart-order-summary-heading-block\"><\/div><div data-block-name=\"woocommerce\/cart-order-summary-coupon-form-block\" class=\"wp-block-woocommerce-cart-order-summary-coupon-form-block\"><\/div><div data-block-name=\"woocommerce\/cart-order-summary-totals-block\" class=\"wp-block-woocommerce-cart-order-summary-totals-block\">\n<div data-block-name=\"woocommerce\/cart-order-summary-subtotal-block\" class=\"wp-block-woocommerce-cart-order-summary-subtotal-block\"><\/div>\n<div data-block-name=\"woocommerce\/cart-order-summary-discount-block\" class=\"wp-block-woocommerce-cart-order-summary-discount-block\"><\/div>\n<div data-block-name=\"woocommerce\/cart-order-summary-fee-block\" class=\"wp-block-woocommerce-cart-order-summary-fee-block\"><\/div>\n<div data-block-name=\"woocommerce\/cart-order-summary-shipping-block\" class=\"wp-block-woocommerce-cart-order-summary-shipping-block\"><\/div>\n<div data-block-name=\"woocommerce\/cart-order-summary-taxes-block\" class=\"wp-block-woocommerce-cart-order-summary-taxes-block\"><\/div><\/div>\n<\/div>\n\n\n\n<div data-block-name=\"woocommerce\/cart-express-payment-block\" class=\"wp-block-woocommerce-cart-express-payment-block\"><\/div>\n\n\n\n<div data-block-name=\"woocommerce\/proceed-to-checkout-block\" class=\"wp-block-woocommerce-proceed-to-checkout-block\"><\/div>\n\n\n\n<div data-block-name=\"woocommerce\/cart-accepted-payment-methods-block\" class=\"wp-block-woocommerce-cart-accepted-payment-methods-block\"><\/div>\n<\/div>\n<\/div>\n\n\n\n<div data-block-name=\"woocommerce\/empty-cart-block\" class=\"wp-block-woocommerce-empty-cart-block\">\n<h2 class=\"wp-block-heading has-text-align-center with-empty-cart-icon wc-block-cart__empty-cart__title\">Your cart is currently empty!<\/h2>\n\n\n\n<hr class=\"wp-block-separator has-alpha-channel-opacity is-style-dots\"\/>\n\n\n\n<h2 class=\"wp-block-heading has-text-align-center\">New in store<\/h2>\n\n\n<div data-block-name=\"woocommerce\/product-new\" data-columns=\"4\" data-rows=\"1\" class=\"wc-block-grid wp-block-product-new wp-block-woocommerce-product-new wc-block-product-new has-4-columns\"><ul class=\"wc-block-grid__products\"><li class=\"wc-block-grid__product\">\n\t\t\t\t<a href=\"https:\/\/imagineacrilico.com.br\/?product=placa-acrilico-mesa-prisma-goiania\" class=\"wc-block-grid__product-link\">\n\t\t\t\t\t\n\t\t\t\t\t<div class=\"wc-block-grid__product-image\"><img fetchpriority=\"high\" decoding=\"async\" width=\"300\" height=\"300\" src=\"https:\/\/imagineacrilico.com.br\/wp-content\/uploads\/2025\/09\/Placa-de-Acrilico-de-Mesa-300x300.jpg\" class=\"attachment-woocommerce_thumbnail size-woocommerce_thumbnail\" alt=\"Placa de Acr\u00edlico de Mesa Personalizada\" srcset=\"https:\/\/imagineacrilico.com.br\/wp-content\/uploads\/2025\/09\/Placa-de-Acrilico-de-Mesa-300x300.jpg 300w, https:\/\/imagineacrilico.com.br\/wp-content\/uploads\/2025\/09\/Placa-de-Acrilico-de-Mesa-150x150.jpg 150w, https:\/\/imagineacrilico.com.br\/wp-content\/uploads\/2025\/09\/Placa-de-Acrilico-de-Mesa-100x100.jpg 100w\" sizes=\"(max-width: 300px) 100vw, 300px\" \/><\/div>\n\t\t\t\t\t<div class=\"wc-block-grid__product-title\">Placa de Acr\u00edlico de Mesa Personalizada \u2013 Prisma de Acr\u00edlico | Imagine Acr\u00edlico Goi\u00e2nia-GO<\/div>\n\t\t\t\t<\/a>\n\t\t\t\t<div class=\"wc-block-grid__product-price price\"><\/div>\n\t\t\t\t\n\t\t\t\t<div class=\"wp-block-button wc-block-grid__product-add-to-cart\"><a href=\"https:\/\/imagineacrilico.com.br\/?product=placa-acrilico-mesa-prisma-goiania\" aria-label=\"Leia mais sobre &ldquo;Placa de Acr\u00edlico de Mesa Personalizada \u2013 Prisma de Acr\u00edlico | Imagine Acr\u00edlico Goi\u00e2nia-GO&rdquo;\" data-quantity=\"1\" data-product_id=\"495\" data-product_sku=\"\" data-price=\"0\" rel=\"nofollow\" class=\"wp-block-button__link  add_to_cart_button\">Leia mais<\/a><\/div>\n\t\t\t<\/li><li class=\"wc-block-grid__product\">\n\t\t\t\t<a href=\"https:\/\/imagineacrilico.com.br\/?product=urna-giratoria-acrilico-goiania\" class=\"wc-block-grid__product-link\">\n\t\t\t\t\t\n\t\t\t\t\t<div class=\"wc-block-grid__product-image\"><img decoding=\"async\" width=\"300\" height=\"300\" src=\"https:\/\/imagineacrilico.com.br\/wp-content\/uploads\/2025\/09\/Urna-Giratoria_Imagine_Acrilico-300x300.jpg\" class=\"attachment-woocommerce_thumbnail size-woocommerce_thumbnail\" alt=\"Urna em Acr\u00edlico Girat\u00f3ria\" srcset=\"https:\/\/imagineacrilico.com.br\/wp-content\/uploads\/2025\/09\/Urna-Giratoria_Imagine_Acrilico-300x300.jpg 300w, https:\/\/imagineacrilico.com.br\/wp-content\/uploads\/2025\/09\/Urna-Giratoria_Imagine_Acrilico-150x150.jpg 150w, https:\/\/imagineacrilico.com.br\/wp-content\/uploads\/2025\/09\/Urna-Giratoria_Imagine_Acrilico-100x100.jpg 100w\" sizes=\"(max-width: 300px) 100vw, 300px\" \/><\/div>\n\t\t\t\t\t<div class=\"wc-block-grid__product-title\">Urna Girat\u00f3ria em Acr\u00edlico Transparente \u2013 Sorteios e Promo\u00e7\u00f5es | Imagine Acr\u00edlico Goi\u00e2nia-GO<\/div>\n\t\t\t\t<\/a>\n\t\t\t\t<div class=\"wc-block-grid__product-price price\"><\/div>\n\t\t\t\t\n\t\t\t\t<div class=\"wp-block-button wc-block-grid__product-add-to-cart\"><a href=\"https:\/\/imagineacrilico.com.br\/?product=urna-giratoria-acrilico-goiania\" aria-label=\"Leia mais sobre &ldquo;Urna Girat\u00f3ria em Acr\u00edlico Transparente \u2013 Sorteios e Promo\u00e7\u00f5es | Imagine Acr\u00edlico Goi\u00e2nia-GO&rdquo;\" data-quantity=\"1\" data-product_id=\"493\" data-product_sku=\"\" data-price=\"0\" rel=\"nofollow\" class=\"wp-block-button__link  add_to_cart_button\">Leia mais<\/a><\/div>\n\t\t\t<\/li><li class=\"wc-block-grid__product\">\n\t\t\t\t<a href=\"https:\/\/imagineacrilico.com.br\/?product=placa-homenagem-acrilico-aco-escovado-goiania\" class=\"wc-block-grid__product-link\">\n\t\t\t\t\t\n\t\t\t\t\t<div class=\"wc-block-grid__product-image\"><img decoding=\"async\" width=\"300\" height=\"300\" src=\"https:\/\/imagineacrilico.com.br\/wp-content\/uploads\/2025\/09\/Placa-de-Homenagem_Modelo-1-300x300.jpg\" class=\"attachment-woocommerce_thumbnail size-woocommerce_thumbnail\" alt=\"Placa de Homenagem - Modelo 1\" srcset=\"https:\/\/imagineacrilico.com.br\/wp-content\/uploads\/2025\/09\/Placa-de-Homenagem_Modelo-1-300x300.jpg 300w, https:\/\/imagineacrilico.com.br\/wp-content\/uploads\/2025\/09\/Placa-de-Homenagem_Modelo-1-1024x1024.jpg 1024w, https:\/\/imagineacrilico.com.br\/wp-content\/uploads\/2025\/09\/Placa-de-Homenagem_Modelo-1-150x150.jpg 150w, https:\/\/imagineacrilico.com.br\/wp-content\/uploads\/2025\/09\/Placa-de-Homenagem_Modelo-1-768x768.jpg 768w, https:\/\/imagineacrilico.com.br\/wp-content\/uploads\/2025\/09\/Placa-de-Homenagem_Modelo-1-600x600.jpg 600w, https:\/\/imagineacrilico.com.br\/wp-content\/uploads\/2025\/09\/Placa-de-Homenagem_Modelo-1-100x100.jpg 100w, https:\/\/imagineacrilico.com.br\/wp-content\/uploads\/2025\/09\/Placa-de-Homenagem_Modelo-1.jpg 1080w\" sizes=\"(max-width: 300px) 100vw, 300px\" \/><\/div>\n\t\t\t\t\t<div class=\"wc-block-grid__product-title\">Placa de Homenagem em Acr\u00edlico com A\u00e7o Escovado \u2013 Modelo 1 | Imagine Acr\u00edlico Goi\u00e2nia-GO<\/div>\n\t\t\t\t<\/a>\n\t\t\t\t<div class=\"wc-block-grid__product-price price\"><\/div>\n\t\t\t\t\n\t\t\t\t<div class=\"wp-block-button wc-block-grid__product-add-to-cart\"><a href=\"https:\/\/imagineacrilico.com.br\/?product=placa-homenagem-acrilico-aco-escovado-goiania\" aria-label=\"Leia mais sobre &ldquo;Placa de Homenagem em Acr\u00edlico com A\u00e7o Escovado \u2013 Modelo 1 | Imagine Acr\u00edlico Goi\u00e2nia-GO&rdquo;\" data-quantity=\"1\" data-product_id=\"491\" data-product_sku=\"\" data-price=\"0\" rel=\"nofollow\" class=\"wp-block-button__link  add_to_cart_button\">Leia mais<\/a><\/div>\n\t\t\t<\/li><li class=\"wc-block-grid__product\">\n\t\t\t\t<a href=\"https:\/\/imagineacrilico.com.br\/?product=decoracao-cervo-minimalista-3d-goiania\" class=\"wc-block-grid__product-link\">\n\t\t\t\t\t\n\t\t\t\t\t<div class=\"wc-block-grid__product-image\"><img loading=\"lazy\" decoding=\"async\" width=\"300\" height=\"300\" src=\"https:\/\/imagineacrilico.com.br\/wp-content\/uploads\/2025\/09\/Decoracao_Cervo-1-300x300.jpg\" class=\"attachment-woocommerce_thumbnail size-woocommerce_thumbnail\" alt=\"Cervo Decorativo 3D\" srcset=\"https:\/\/imagineacrilico.com.br\/wp-content\/uploads\/2025\/09\/Decoracao_Cervo-1-300x300.jpg 300w, https:\/\/imagineacrilico.com.br\/wp-content\/uploads\/2025\/09\/Decoracao_Cervo-1-150x150.jpg 150w, https:\/\/imagineacrilico.com.br\/wp-content\/uploads\/2025\/09\/Decoracao_Cervo-1-100x100.jpg 100w\" sizes=\"(max-width: 300px) 100vw, 300px\" \/><\/div>\n\t\t\t\t\t<div class=\"wc-block-grid__product-title\">Decora\u00e7\u00e3o de Cervo Minimalista 3D \u2013 Escultura Moderna em Preto e Branco | Imagine Acr\u00edlico Goi\u00e2nia-GO<\/div>\n\t\t\t\t<\/a>\n\t\t\t\t<div class=\"wc-block-grid__product-price price\"><\/div>\n\t\t\t\t\n\t\t\t\t<div class=\"wp-block-button wc-block-grid__product-add-to-cart\"><a href=\"https:\/\/imagineacrilico.com.br\/?product=decoracao-cervo-minimalista-3d-goiania\" aria-label=\"Leia mais sobre &ldquo;Decora\u00e7\u00e3o de Cervo Minimalista 3D \u2013 Escultura Moderna em Preto e Branco | Imagine Acr\u00edlico Goi\u00e2nia-GO&rdquo;\" data-quantity=\"1\" data-product_id=\"488\" data-product_sku=\"\" data-price=\"0\" rel=\"nofollow\" class=\"wp-block-button__link  add_to_cart_button\">Leia mais<\/a><\/div>\n\t\t\t<\/li><\/ul><\/div><\/div>\n<\/div>\n","protected":false},"excerpt":{"rendered":"","protected":false},"author":1,"featured_media":0,"parent":0,"menu_order":0,"comment_status":"closed","ping_status":"closed","template":"","meta":{"_joinchat":[],"footnotes":""},"class_list":["post-118","page","type-page","status-publish","hentry"],"yoast_head":"<!-- This site is optimized with the Yoast SEO Premium plugin v26.4 (Yoast SEO v26.9) - https:\/\/yoast.com\/product\/yoast-seo-premium-wordpress\/ -->\n<title>Carrinho - Imagine Acr\u00edlico<\/title>\n<meta name=\"robots\" content=\"index, follow, max-snippet:-1, max-image-preview:large, max-video-preview:-1\" \/>\n<link rel=\"canonical\" href=\"https:\/\/imagineacrilico.com.br\/?page_id=118\" \/>\n<meta property=\"og:locale\" content=\"pt_BR\" \/>\n<meta property=\"og:type\" content=\"article\" \/>\n<meta property=\"og:title\" content=\"Carrinho\" \/>\n<meta property=\"og:url\" content=\"https:\/\/imagineacrilico.com.br\/?page_id=118\" \/>\n<meta property=\"og:site_name\" content=\"Imagine Acr\u00edlico\" \/>\n<meta property=\"article:modified_time\" content=\"2025-05-08T14:02:14+00:00\" \/>\n<meta name=\"twitter:card\" content=\"summary_large_image\" \/>\n<script type=\"application\/ld+json\" class=\"yoast-schema-graph\">{\"@context\":\"https:\/\/schema.org\",\"@graph\":[{\"@type\":\"WebPage\",\"@id\":\"https:\/\/imagineacrilico.com.br\/?page_id=118\",\"url\":\"https:\/\/imagineacrilico.com.br\/?page_id=118\",\"name\":\"Carrinho - Imagine Acr\u00edlico\",\"isPartOf\":{\"@id\":\"https:\/\/imagineacrilico.com.br\/#website\"},\"datePublished\":\"2025-05-07T23:03:44+00:00\",\"dateModified\":\"2025-05-08T14:02:14+00:00\",\"breadcrumb\":{\"@id\":\"https:\/\/imagineacrilico.com.br\/?page_id=118#breadcrumb\"},\"inLanguage\":\"pt-BR\",\"potentialAction\":[{\"@type\":\"ReadAction\",\"target\":[\"https:\/\/imagineacrilico.com.br\/?page_id=118\"]}]},{\"@type\":\"BreadcrumbList\",\"@id\":\"https:\/\/imagineacrilico.com.br\/?page_id=118#breadcrumb\",\"itemListElement\":[{\"@type\":\"ListItem\",\"position\":1,\"name\":\"In\u00edcio\",\"item\":\"https:\/\/imagineacrilico.com.br\/\"},{\"@type\":\"ListItem\",\"position\":2,\"name\":\"Carrinho\"}]},{\"@type\":\"WebSite\",\"@id\":\"https:\/\/imagineacrilico.com.br\/#website\",\"url\":\"https:\/\/imagineacrilico.com.br\/\",\"name\":\"Imagine Acr\u00edlico\",\"description\":\"\",\"publisher\":{\"@id\":\"https:\/\/imagineacrilico.com.br\/#organization\"},\"potentialAction\":[{\"@type\":\"SearchAction\",\"target\":{\"@type\":\"EntryPoint\",\"urlTemplate\":\"https:\/\/imagineacrilico.com.br\/?s={search_term_string}\"},\"query-input\":{\"@type\":\"PropertyValueSpecification\",\"valueRequired\":true,\"valueName\":\"search_term_string\"}}],\"inLanguage\":\"pt-BR\"},{\"@type\":\"Organization\",\"@id\":\"https:\/\/imagineacrilico.com.br\/#organization\",\"name\":\"Imagine Acr\u00edlico\",\"url\":\"https:\/\/imagineacrilico.com.br\/\",\"logo\":{\"@type\":\"ImageObject\",\"inLanguage\":\"pt-BR\",\"@id\":\"https:\/\/imagineacrilico.com.br\/#\/schema\/logo\/image\/\",\"url\":\"https:\/\/imagineacrilico.com.br\/wp-content\/uploads\/2025\/08\/Imagine-Acrilico_Logo_P.png\",\"contentUrl\":\"https:\/\/imagineacrilico.com.br\/wp-content\/uploads\/2025\/08\/Imagine-Acrilico_Logo_P.png\",\"width\":1676,\"height\":849,\"caption\":\"Imagine Acr\u00edlico\"},\"image\":{\"@id\":\"https:\/\/imagineacrilico.com.br\/#\/schema\/logo\/image\/\"},\"sameAs\":[\"https:\/\/instagram.com\/imagineacrilico\"]}]}<\/script>\n<!-- \/ Yoast SEO Premium plugin. -->","yoast_head_json":{"title":"Carrinho - Imagine Acr\u00edlico","robots":{"index":"index","follow":"follow","max-snippet":"max-snippet:-1","max-image-preview":"max-image-preview:large","max-video-preview":"max-video-preview:-1"},"canonical":"https:\/\/imagineacrilico.com.br\/?page_id=118","og_locale":"pt_BR","og_type":"article","og_title":"Carrinho","og_url":"https:\/\/imagineacrilico.com.br\/?page_id=118","og_site_name":"Imagine Acr\u00edlico","article_modified_time":"2025-05-08T14:02:14+00:00","twitter_card":"summary_large_image","schema":{"@context":"https:\/\/schema.org","@graph":[{"@type":"WebPage","@id":"https:\/\/imagineacrilico.com.br\/?page_id=118","url":"https:\/\/imagineacrilico.com.br\/?page_id=118","name":"Carrinho - Imagine Acr\u00edlico","isPartOf":{"@id":"https:\/\/imagineacrilico.com.br\/#website"},"datePublished":"2025-05-07T23:03:44+00:00","dateModified":"2025-05-08T14:02:14+00:00","breadcrumb":{"@id":"https:\/\/imagineacrilico.com.br\/?page_id=118#breadcrumb"},"inLanguage":"pt-BR","potentialAction":[{"@type":"ReadAction","target":["https:\/\/imagineacrilico.com.br\/?page_id=118"]}]},{"@type":"BreadcrumbList","@id":"https:\/\/imagineacrilico.com.br\/?page_id=118#breadcrumb","itemListElement":[{"@type":"ListItem","position":1,"name":"In\u00edcio","item":"https:\/\/imagineacrilico.com.br\/"},{"@type":"ListItem","position":2,"name":"Carrinho"}]},{"@type":"WebSite","@id":"https:\/\/imagineacrilico.com.br\/#website","url":"https:\/\/imagineacrilico.com.br\/","name":"Imagine Acr\u00edlico","description":"","publisher":{"@id":"https:\/\/imagineacrilico.com.br\/#organization"},"potentialAction":[{"@type":"SearchAction","target":{"@type":"EntryPoint","urlTemplate":"https:\/\/imagineacrilico.com.br\/?s={search_term_string}"},"query-input":{"@type":"PropertyValueSpecification","valueRequired":true,"valueName":"search_term_string"}}],"inLanguage":"pt-BR"},{"@type":"Organization","@id":"https:\/\/imagineacrilico.com.br\/#organization","name":"Imagine Acr\u00edlico","url":"https:\/\/imagineacrilico.com.br\/","logo":{"@type":"ImageObject","inLanguage":"pt-BR","@id":"https:\/\/imagineacrilico.com.br\/#\/schema\/logo\/image\/","url":"https:\/\/imagineacrilico.com.br\/wp-content\/uploads\/2025\/08\/Imagine-Acrilico_Logo_P.png","contentUrl":"https:\/\/imagineacrilico.com.br\/wp-content\/uploads\/2025\/08\/Imagine-Acrilico_Logo_P.png","width":1676,"height":849,"caption":"Imagine Acr\u00edlico"},"image":{"@id":"https:\/\/imagineacrilico.com.br\/#\/schema\/logo\/image\/"},"sameAs":["https:\/\/instagram.com\/imagineacrilico"]}]}},"jetpack_sharing_enabled":true,"_links":{"self":[{"href":"https:\/\/imagineacrilico.com.br\/index.php?rest_route=\/wp\/v2\/pages\/118","targetHints":{"allow":["GET"]}}],"collection":[{"href":"https:\/\/imagineacrilico.com.br\/index.php?rest_route=\/wp\/v2\/pages"}],"about":[{"href":"https:\/\/imagineacrilico.com.br\/index.php?rest_route=\/wp\/v2\/types\/page"}],"author":[{"embeddable":true,"href":"https:\/\/imagineacrilico.com.br\/index.php?rest_route=\/wp\/v2\/users\/1"}],"replies":[{"embeddable":true,"href":"https:\/\/imagineacrilico.com.br\/index.php?rest_route=%2Fwp%2Fv2%2Fcomments&post=118"}],"version-history":[{"count":2,"href":"https:\/\/imagineacrilico.com.br\/index.php?rest_route=\/wp\/v2\/pages\/118\/revisions"}],"predecessor-version":[{"id":235,"href":"https:\/\/imagineacrilico.com.br\/index.php?rest_route=\/wp\/v2\/pages\/118\/revisions\/235"}],"wp:attachment":[{"href":"https:\/\/imagineacrilico.com.br\/index.php?rest_route=%2Fwp%2Fv2%2Fmedia&parent=118"}],"curies":[{"name":"wp","href":"https:\/\/api.w.org\/{rel}","templated":true}]}}