{"id":413,"date":"2025-08-30T15:59:25","date_gmt":"2025-08-30T18:59:25","guid":{"rendered":"https:\/\/imagineacrilico.com.br\/?post_type=product&#038;p=413"},"modified":"2025-08-30T18:18:42","modified_gmt":"2025-08-30T21:18:42","slug":"pulpito-acrilico-cristal-8mm-goiania","status":"publish","type":"product","link":"https:\/\/imagineacrilico.com.br\/?product=pulpito-acrilico-cristal-8mm-goiania","title":{"rendered":"P\u00falpito em Acr\u00edlico &#8211; Modelo 1"},"content":{"rendered":"<p data-start=\"617\" data-end=\"877\">O <strong data-start=\"619\" data-end=\"667\">P\u00falpito em Acr\u00edlico Cristal Transparente 8mm<\/strong> \u00e9 a escolha ideal para orat\u00f3ria, palestras, cerim\u00f4nias e eventos corporativos.<br data-start=\"746\" data-end=\"749\" \/>Com design moderno e sofisticado, proporciona <strong data-start=\"795\" data-end=\"831\">visibilidade, leveza e eleg\u00e2ncia<\/strong>, valorizando a apresenta\u00e7\u00e3o do palestrante.<\/p>\n<p data-start=\"879\" data-end=\"1109\">Produzido em <strong data-start=\"892\" data-end=\"933\">acr\u00edlico premium de 8 mm de espessura<\/strong>, garante resist\u00eancia e durabilidade. Al\u00e9m disso, pode ser <strong data-start=\"992\" data-end=\"1055\">personalizado com a logomarca da sua empresa ou institui\u00e7\u00e3o<\/strong>, tornando o ambiente mais profissional e exclusivo.<\/p>\n<p data-start=\"1111\" data-end=\"1326\">O modelo inclui:<br data-start=\"1127\" data-end=\"1130\" \/>\u2714 <strong data-start=\"1132\" data-end=\"1158\">Suporte para microfone<\/strong><br data-start=\"1158\" data-end=\"1161\" \/>\u2714 <strong data-start=\"1163\" data-end=\"1201\">Apoio para copo ou garrafa de \u00e1gua<\/strong><br data-start=\"1201\" data-end=\"1204\" \/>\u2714 <strong data-start=\"1206\" data-end=\"1262\">Estrutura em acr\u00edlico cristal 8 mm de alta qualidade<\/strong><br data-start=\"1262\" data-end=\"1265\" \/>\u2714 <strong data-start=\"1267\" data-end=\"1324\">Design transparente que harmoniza com qualquer espa\u00e7o<\/strong><\/p>\n<p data-start=\"1328\" data-end=\"1525\">\ud83d\udd39 <strong data-start=\"1331\" data-end=\"1346\">Ideal para:<\/strong> igrejas, empresas, audit\u00f3rios, escolas, universidades, formaturas, solenidades e eventos em geral.<\/p>\n<p data-start=\"1328\" data-end=\"1525\">\ud83d\udd39 <strong data-start=\"1451\" data-end=\"1523\">Atendimento em todo o Brasil, com destaque para Goi\u00e2nia-GO e regi\u00e3o.<\/strong><\/p>\n<p data-start=\"1527\" data-end=\"1683\">Seja em um culto, palestra ou evento institucional, este p\u00falpito em acr\u00edlico oferece a combina\u00e7\u00e3o perfeita de <strong data-start=\"1637\" data-end=\"1680\">eleg\u00e2ncia, resist\u00eancia e personaliza\u00e7\u00e3o<\/strong>.<\/p>\n","protected":false},"excerpt":{"rendered":"<p>P\u00falpito em acr\u00edlico &#8211; Modelo 1 &#8211; Acr\u00edlico cristal 8mm com suporte para microfone e copo. Personaliza\u00e7\u00e3o da logomarca. Ideal para eventos e palestras em Goi\u00e2nia-GO.<\/p>\n","protected":false},"featured_media":421,"comment_status":"open","ping_status":"closed","template":"","meta":{"_joinchat":[]},"product_brand":[27],"product_cat":[37],"product_tag":[44,43,38,42,41,40,39,29],"class_list":{"0":"post-413","1":"product","2":"type-product","3":"status-publish","4":"has-post-thumbnail","6":"product_brand-imagine-acrilico","7":"product_cat-pulpito","8":"product_tag-goiania-go","9":"product_tag-imagine-acrilico","10":"product_tag-pulpito-em-acrilico","11":"product_tag-pulpito-para-igrejas","12":"product_tag-pulpito-para-palestras","13":"product_tag-pulpito-personalizado","14":"product_tag-pulpito-transparente","15":"product_tag-trofeu","17":"first","18":"onbackorder","19":"shipping-taxable","20":"product-type-simple"},"yoast_head":"<!-- This site is optimized with the Yoast SEO Premium plugin v26.4 (Yoast SEO v26.9) - https:\/\/yoast.com\/product\/yoast-seo-premium-wordpress\/ -->\n<title>P\u00falpito em Acr\u00edlico - Modelo 1 - Imagine Acr\u00edlico<\/title>\n<meta name=\"description\" content=\"P\u00falpito em acr\u00edlico cristal 8mm com suporte para microfone e copo. Personaliza\u00e7\u00e3o da logomarca. Ideal para eventos e palestras em Goi\u00e2nia-GO.\" \/>\n<meta name=\"robots\" content=\"index, follow, max-snippet:-1, max-image-preview:large, max-video-preview:-1\" \/>\n<link rel=\"canonical\" href=\"https:\/\/imagineacrilico.com.br\/?product=pulpito-acrilico-cristal-8mm-goiania\" \/>\n<meta property=\"og:locale\" content=\"pt_BR\" \/>\n<meta property=\"og:type\" content=\"article\" \/>\n<meta property=\"og:title\" content=\"P\u00falpito em Acr\u00edlico - Modelo 1\" \/>\n<meta property=\"og:description\" content=\"P\u00falpito em acr\u00edlico cristal 8mm com suporte para microfone e copo. Personaliza\u00e7\u00e3o da logomarca. Ideal para eventos e palestras em Goi\u00e2nia-GO.\" \/>\n<meta property=\"og:url\" content=\"https:\/\/imagineacrilico.com.br\/?product=pulpito-acrilico-cristal-8mm-goiania\" \/>\n<meta property=\"og:site_name\" content=\"Imagine Acr\u00edlico\" \/>\n<meta property=\"article:modified_time\" content=\"2025-08-30T21:18:42+00:00\" \/>\n<meta property=\"og:image\" content=\"https:\/\/imagineacrilico.com.br\/wp-content\/uploads\/2025\/08\/Pulpito-em-Acrilico-Modelo-1.jpg\" \/>\n\t<meta property=\"og:image:width\" content=\"2000\" \/>\n\t<meta property=\"og:image:height\" content=\"2000\" \/>\n\t<meta property=\"og:image:type\" content=\"image\/jpeg\" \/>\n<meta name=\"twitter:card\" content=\"summary_large_image\" \/>\n<meta name=\"twitter:label1\" content=\"Pre\u00e7o\" \/>\n\t<meta name=\"twitter:data1\" content=\"\" \/>\n\t<meta name=\"twitter:label2\" content=\"Disponibilidade\" \/>\n\t<meta name=\"twitter:data2\" content=\"Em espera\" \/>\n<script type=\"application\/ld+json\" class=\"yoast-schema-graph\">{\"@context\":\"https:\/\/schema.org\",\"@graph\":[{\"@type\":\"WebPage\",\"@id\":\"https:\/\/imagineacrilico.com.br\/?product=pulpito-acrilico-cristal-8mm-goiania\",\"url\":\"https:\/\/imagineacrilico.com.br\/?product=pulpito-acrilico-cristal-8mm-goiania\",\"name\":\"P\u00falpito em Acr\u00edlico - Modelo 1 - Imagine Acr\u00edlico\",\"isPartOf\":{\"@id\":\"https:\/\/imagineacrilico.com.br\/#website\"},\"primaryImageOfPage\":{\"@id\":\"https:\/\/imagineacrilico.com.br\/?product=pulpito-acrilico-cristal-8mm-goiania#primaryimage\"},\"image\":{\"@id\":\"https:\/\/imagineacrilico.com.br\/?product=pulpito-acrilico-cristal-8mm-goiania#primaryimage\"},\"thumbnailUrl\":\"https:\/\/imagineacrilico.com.br\/wp-content\/uploads\/2025\/08\/Pulpito-em-Acrilico-Modelo-1.jpg\",\"datePublished\":\"2025-08-30T18:59:25+00:00\",\"dateModified\":\"2025-08-30T21:18:42+00:00\",\"description\":\"P\u00falpito em acr\u00edlico cristal 8mm com suporte para microfone e copo. Personaliza\u00e7\u00e3o da logomarca. Ideal para eventos e palestras em Goi\u00e2nia-GO.\",\"breadcrumb\":{\"@id\":\"https:\/\/imagineacrilico.com.br\/?product=pulpito-acrilico-cristal-8mm-goiania#breadcrumb\"},\"inLanguage\":\"pt-BR\",\"potentialAction\":[{\"@type\":\"ReadAction\",\"target\":[\"https:\/\/imagineacrilico.com.br\/?product=pulpito-acrilico-cristal-8mm-goiania\"]}]},{\"@type\":\"ImageObject\",\"inLanguage\":\"pt-BR\",\"@id\":\"https:\/\/imagineacrilico.com.br\/?product=pulpito-acrilico-cristal-8mm-goiania#primaryimage\",\"url\":\"https:\/\/imagineacrilico.com.br\/wp-content\/uploads\/2025\/08\/Pulpito-em-Acrilico-Modelo-1.jpg\",\"contentUrl\":\"https:\/\/imagineacrilico.com.br\/wp-content\/uploads\/2025\/08\/Pulpito-em-Acrilico-Modelo-1.jpg\",\"width\":2000,\"height\":2000,\"caption\":\"P\u00falpito em acr\u00edlico personalizado em Goi\u00e2nia.\"},{\"@type\":\"BreadcrumbList\",\"@id\":\"https:\/\/imagineacrilico.com.br\/?product=pulpito-acrilico-cristal-8mm-goiania#breadcrumb\",\"itemListElement\":[{\"@type\":\"ListItem\",\"position\":1,\"name\":\"In\u00edcio\",\"item\":\"https:\/\/imagineacrilico.com.br\/\"},{\"@type\":\"ListItem\",\"position\":2,\"name\":\"Loja\",\"item\":\"https:\/\/imagineacrilico.com.br\/?page_id=117\"},{\"@type\":\"ListItem\",\"position\":3,\"name\":\"P\u00falpito em Acr\u00edlico &#8211; Modelo 1\"}]},{\"@type\":\"WebSite\",\"@id\":\"https:\/\/imagineacrilico.com.br\/#website\",\"url\":\"https:\/\/imagineacrilico.com.br\/\",\"name\":\"Imagine Acr\u00edlico\",\"description\":\"\",\"publisher\":{\"@id\":\"https:\/\/imagineacrilico.com.br\/#organization\"},\"potentialAction\":[{\"@type\":\"SearchAction\",\"target\":{\"@type\":\"EntryPoint\",\"urlTemplate\":\"https:\/\/imagineacrilico.com.br\/?s={search_term_string}\"},\"query-input\":{\"@type\":\"PropertyValueSpecification\",\"valueRequired\":true,\"valueName\":\"search_term_string\"}}],\"inLanguage\":\"pt-BR\"},{\"@type\":\"Organization\",\"@id\":\"https:\/\/imagineacrilico.com.br\/#organization\",\"name\":\"Imagine Acr\u00edlico\",\"url\":\"https:\/\/imagineacrilico.com.br\/\",\"logo\":{\"@type\":\"ImageObject\",\"inLanguage\":\"pt-BR\",\"@id\":\"https:\/\/imagineacrilico.com.br\/#\/schema\/logo\/image\/\",\"url\":\"https:\/\/imagineacrilico.com.br\/wp-content\/uploads\/2025\/08\/Imagine-Acrilico_Logo_P.png\",\"contentUrl\":\"https:\/\/imagineacrilico.com.br\/wp-content\/uploads\/2025\/08\/Imagine-Acrilico_Logo_P.png\",\"width\":1676,\"height\":849,\"caption\":\"Imagine Acr\u00edlico\"},\"image\":{\"@id\":\"https:\/\/imagineacrilico.com.br\/#\/schema\/logo\/image\/\"},\"sameAs\":[\"https:\/\/instagram.com\/imagineacrilico\"]}]}<\/script>\n<meta property=\"product:brand\" content=\"Imagine Acr\u00edlico\" \/>\n<meta property=\"product:price:currency\" content=\"BRL\" \/>\n<meta property=\"og:availability\" content=\"backorder\" \/>\n<meta property=\"product:availability\" content=\"available for order\" \/>\n<meta property=\"product:condition\" content=\"new\" \/>\n<!-- \/ Yoast SEO Premium plugin. -->","yoast_head_json":{"title":"P\u00falpito em Acr\u00edlico - Modelo 1 - Imagine Acr\u00edlico","description":"P\u00falpito em acr\u00edlico cristal 8mm com suporte para microfone e copo. Personaliza\u00e7\u00e3o da logomarca. Ideal para eventos e palestras em Goi\u00e2nia-GO.","robots":{"index":"index","follow":"follow","max-snippet":"max-snippet:-1","max-image-preview":"max-image-preview:large","max-video-preview":"max-video-preview:-1"},"canonical":"https:\/\/imagineacrilico.com.br\/?product=pulpito-acrilico-cristal-8mm-goiania","og_locale":"pt_BR","og_type":"article","og_title":"P\u00falpito em Acr\u00edlico - Modelo 1","og_description":"P\u00falpito em acr\u00edlico cristal 8mm com suporte para microfone e copo. Personaliza\u00e7\u00e3o da logomarca. Ideal para eventos e palestras em Goi\u00e2nia-GO.","og_url":"https:\/\/imagineacrilico.com.br\/?product=pulpito-acrilico-cristal-8mm-goiania","og_site_name":"Imagine Acr\u00edlico","article_modified_time":"2025-08-30T21:18:42+00:00","og_image":[{"width":2000,"height":2000,"url":"https:\/\/imagineacrilico.com.br\/wp-content\/uploads\/2025\/08\/Pulpito-em-Acrilico-Modelo-1.jpg","type":"image\/jpeg"}],"twitter_card":"summary_large_image","twitter_misc":{"Pre\u00e7o":"","Disponibilidade":"Em espera"},"schema":{"@context":"https:\/\/schema.org","@graph":[{"@type":"WebPage","@id":"https:\/\/imagineacrilico.com.br\/?product=pulpito-acrilico-cristal-8mm-goiania","url":"https:\/\/imagineacrilico.com.br\/?product=pulpito-acrilico-cristal-8mm-goiania","name":"P\u00falpito em Acr\u00edlico - Modelo 1 - Imagine Acr\u00edlico","isPartOf":{"@id":"https:\/\/imagineacrilico.com.br\/#website"},"primaryImageOfPage":{"@id":"https:\/\/imagineacrilico.com.br\/?product=pulpito-acrilico-cristal-8mm-goiania#primaryimage"},"image":{"@id":"https:\/\/imagineacrilico.com.br\/?product=pulpito-acrilico-cristal-8mm-goiania#primaryimage"},"thumbnailUrl":"https:\/\/imagineacrilico.com.br\/wp-content\/uploads\/2025\/08\/Pulpito-em-Acrilico-Modelo-1.jpg","datePublished":"2025-08-30T18:59:25+00:00","dateModified":"2025-08-30T21:18:42+00:00","description":"P\u00falpito em acr\u00edlico cristal 8mm com suporte para microfone e copo. Personaliza\u00e7\u00e3o da logomarca. Ideal para eventos e palestras em Goi\u00e2nia-GO.","breadcrumb":{"@id":"https:\/\/imagineacrilico.com.br\/?product=pulpito-acrilico-cristal-8mm-goiania#breadcrumb"},"inLanguage":"pt-BR","potentialAction":[{"@type":"ReadAction","target":["https:\/\/imagineacrilico.com.br\/?product=pulpito-acrilico-cristal-8mm-goiania"]}]},{"@type":"ImageObject","inLanguage":"pt-BR","@id":"https:\/\/imagineacrilico.com.br\/?product=pulpito-acrilico-cristal-8mm-goiania#primaryimage","url":"https:\/\/imagineacrilico.com.br\/wp-content\/uploads\/2025\/08\/Pulpito-em-Acrilico-Modelo-1.jpg","contentUrl":"https:\/\/imagineacrilico.com.br\/wp-content\/uploads\/2025\/08\/Pulpito-em-Acrilico-Modelo-1.jpg","width":2000,"height":2000,"caption":"P\u00falpito em acr\u00edlico personalizado em Goi\u00e2nia."},{"@type":"BreadcrumbList","@id":"https:\/\/imagineacrilico.com.br\/?product=pulpito-acrilico-cristal-8mm-goiania#breadcrumb","itemListElement":[{"@type":"ListItem","position":1,"name":"In\u00edcio","item":"https:\/\/imagineacrilico.com.br\/"},{"@type":"ListItem","position":2,"name":"Loja","item":"https:\/\/imagineacrilico.com.br\/?page_id=117"},{"@type":"ListItem","position":3,"name":"P\u00falpito em Acr\u00edlico &#8211; Modelo 1"}]},{"@type":"WebSite","@id":"https:\/\/imagineacrilico.com.br\/#website","url":"https:\/\/imagineacrilico.com.br\/","name":"Imagine Acr\u00edlico","description":"","publisher":{"@id":"https:\/\/imagineacrilico.com.br\/#organization"},"potentialAction":[{"@type":"SearchAction","target":{"@type":"EntryPoint","urlTemplate":"https:\/\/imagineacrilico.com.br\/?s={search_term_string}"},"query-input":{"@type":"PropertyValueSpecification","valueRequired":true,"valueName":"search_term_string"}}],"inLanguage":"pt-BR"},{"@type":"Organization","@id":"https:\/\/imagineacrilico.com.br\/#organization","name":"Imagine Acr\u00edlico","url":"https:\/\/imagineacrilico.com.br\/","logo":{"@type":"ImageObject","inLanguage":"pt-BR","@id":"https:\/\/imagineacrilico.com.br\/#\/schema\/logo\/image\/","url":"https:\/\/imagineacrilico.com.br\/wp-content\/uploads\/2025\/08\/Imagine-Acrilico_Logo_P.png","contentUrl":"https:\/\/imagineacrilico.com.br\/wp-content\/uploads\/2025\/08\/Imagine-Acrilico_Logo_P.png","width":1676,"height":849,"caption":"Imagine Acr\u00edlico"},"image":{"@id":"https:\/\/imagineacrilico.com.br\/#\/schema\/logo\/image\/"},"sameAs":["https:\/\/instagram.com\/imagineacrilico"]}]},"product_brand":"Imagine Acr\u00edlico","product_price_currency":"BRL","og_availability":"backorder","product_availability":"available for order","product_condition":"new"},"jetpack_sharing_enabled":true,"_links":{"self":[{"href":"https:\/\/imagineacrilico.com.br\/index.php?rest_route=\/wp\/v2\/product\/413","targetHints":{"allow":["GET"]}}],"collection":[{"href":"https:\/\/imagineacrilico.com.br\/index.php?rest_route=\/wp\/v2\/product"}],"about":[{"href":"https:\/\/imagineacrilico.com.br\/index.php?rest_route=\/wp\/v2\/types\/product"}],"replies":[{"embeddable":true,"href":"https:\/\/imagineacrilico.com.br\/index.php?rest_route=%2Fwp%2Fv2%2Fcomments&post=413"}],"wp:featuredmedia":[{"embeddable":true,"href":"https:\/\/imagineacrilico.com.br\/index.php?rest_route=\/wp\/v2\/media\/421"}],"wp:attachment":[{"href":"https:\/\/imagineacrilico.com.br\/index.php?rest_route=%2Fwp%2Fv2%2Fmedia&parent=413"}],"wp:term":[{"taxonomy":"product_brand","embeddable":true,"href":"https:\/\/imagineacrilico.com.br\/index.php?rest_route=%2Fwp%2Fv2%2Fproduct_brand&post=413"},{"taxonomy":"product_cat","embeddable":true,"href":"https:\/\/imagineacrilico.com.br\/index.php?rest_route=%2Fwp%2Fv2%2Fproduct_cat&post=413"},{"taxonomy":"product_tag","embeddable":true,"href":"https:\/\/imagineacrilico.com.br\/index.php?rest_route=%2Fwp%2Fv2%2Fproduct_tag&post=413"}],"curies":[{"name":"wp","href":"https:\/\/api.w.org\/{rel}","templated":true}]}}